{"id":4496,"date":"2025-05-25T13:10:30","date_gmt":"2025-05-25T13:10:30","guid":{"rendered":"https:\/\/dizoma.com\/?post_type=product&#038;p=4496"},"modified":"2025-05-25T13:10:30","modified_gmt":"2025-05-25T13:10:30","slug":"disco-interno-2-5-480gb-ssd-a400-sata-iii","status":"publish","type":"product","link":"https:\/\/dizoma.com\/inicio\/product\/disco-interno-2-5-480gb-ssd-a400-sata-iii\/","title":{"rendered":"DISCO INTERNO 2.5 480GB SSD A400 SATA III"},"content":{"rendered":"","protected":false},"excerpt":{"rendered":"<p><strong>MAIS INFORMA\u00c7\u00c3O<\/strong><\/p>\n<p>O Kingston SSD 2.5&#8243; 480GB \u00e9 uma \u00f3tima escolha para quem deseja melhorar o desempenho de um computador, oferecendo tempos de leitura e grava\u00e7\u00e3o mais r\u00e1pidos, maior durabilidade e efici\u00eancia energ\u00e9tica. Com uma capacidade de 480GB, ele \u00e9 ideal para usu\u00e1rios que precisam de uma solu\u00e7\u00e3o de armazenamento r\u00e1pida, confi\u00e1vel e de bom custo-benef\u00edcio para suas necessidades di\u00e1rias.<\/p>\n","protected":false},"featured_media":4497,"comment_status":"open","ping_status":"closed","template":"","meta":[],"product_cat":[97],"product_tag":[],"class_list":{"0":"post-4496","1":"product","2":"type-product","3":"status-publish","4":"has-post-thumbnail","6":"product_cat-armazenamento","8":"first","9":"instock","10":"shipping-taxable","11":"purchasable","12":"product-type-simple","13":"col-xs-6 col-sm-4","14":"col-md-3 col-lg-3","15":"un-4-cols"},"_links":{"self":[{"href":"https:\/\/dizoma.com\/inicio\/wp-json\/wp\/v2\/product\/4496","targetHints":{"allow":["GET"]}}],"collection":[{"href":"https:\/\/dizoma.com\/inicio\/wp-json\/wp\/v2\/product"}],"about":[{"href":"https:\/\/dizoma.com\/inicio\/wp-json\/wp\/v2\/types\/product"}],"replies":[{"embeddable":true,"href":"https:\/\/dizoma.com\/inicio\/wp-json\/wp\/v2\/comments?post=4496"}],"wp:featuredmedia":[{"embeddable":true,"href":"https:\/\/dizoma.com\/inicio\/wp-json\/wp\/v2\/media\/4497"}],"wp:attachment":[{"href":"https:\/\/dizoma.com\/inicio\/wp-json\/wp\/v2\/media?parent=4496"}],"wp:term":[{"taxonomy":"product_cat","embeddable":true,"href":"https:\/\/dizoma.com\/inicio\/wp-json\/wp\/v2\/product_cat?post=4496"},{"taxonomy":"product_tag","embeddable":true,"href":"https:\/\/dizoma.com\/inicio\/wp-json\/wp\/v2\/product_tag?post=4496"}],"curies":[{"name":"wp","href":"https:\/\/api.w.org\/{rel}","templated":true}]}}