{"id":4508,"date":"2025-05-25T13:31:27","date_gmt":"2025-05-25T13:31:27","guid":{"rendered":"https:\/\/dizoma.com\/?post_type=product&#038;p=4508"},"modified":"2025-05-25T13:31:27","modified_gmt":"2025-05-25T13:31:27","slug":"access-point-wifi-300mbps-n-1x10-100","status":"publish","type":"product","link":"https:\/\/dizoma.com\/inicio\/product\/access-point-wifi-300mbps-n-1x10-100\/","title":{"rendered":"ACCESS POINT WIFI 300MBPS N 1X10\/100"},"content":{"rendered":"<p><strong>MAIS INFORMA\u00c7\u00c3O<\/strong><\/p>\n<table class=\"table-data-sheet\">\n<tbody>\n<tr>\n<th id=\"pfc_table_header\" colspan=\"2\"><strong>Caracter\u00edsticas Principais<\/strong><\/th>\n<\/tr>\n<tr class=\" even\">\n<td>Antena<\/td>\n<td>2<\/td>\n<\/tr>\n<tr class=\"odd\">\n<td>Led Status \/ Bot\u00f5es<\/td>\n<td>Power \u2022 Wireless \u2022 Security \u2022 LAN<\/td>\n<\/tr>\n<tr class=\" even\">\n<td>Tipo<\/td>\n<td>Range Extender<\/td>\n<\/tr>\n<tr>\n<th id=\"pfc_table_header\" colspan=\"2\"><strong>Funcionalidade<\/strong><\/th>\n<\/tr>\n<tr class=\"odd\">\n<td>Quality of Service (QoS)<\/td>\n<td>Sim<\/td>\n<\/tr>\n<tr class=\" even\">\n<td>Seguran\u00e7a<\/td>\n<td>64\/128-bit WEP data encryption \u2022 WPA-PSK, WPA2-PSK \u2022 WPA-EAP, WPA2-EAP \u2022 TKIP, AES\u2022 MAC address filtering \u2022 SSID broadcast disable function \u2022 WPS (Wi-Fi Protected Setup)<\/td>\n<\/tr>\n<tr class=\"odd\">\n<td>Interfaces do dispositivo<\/td>\n<td>802.11n\/g\/b wireless LAN, One 10\/100BASE-TX Ethernet LAN port<\/td>\n<\/tr>\n<tr class=\" even\">\n<td>Certifica\u00e7\u00f5es<\/td>\n<td>\u2022 FCC Class B \u2022 CE \u2022 IC \u2022 C-Tick \u2022 Wi-Fi Certified<\/td>\n<\/tr>\n<tr>\n<th id=\"pfc_table_header\" colspan=\"2\"><strong>Outras<\/strong><\/th>\n<\/tr>\n<tr class=\"odd\">\n<td>Outros recursos<\/td>\n<td>Access point, Wireless client, Bridge, Bridge with AP , Repeater, WISP Client Router, and WISP Repeater (Range Extender) Mode, Wi-Fi Multimedia (WMM)<\/td>\n<\/tr>\n<tr class=\" even\">\n<td>Alimenta\u00e7\u00e3o de energia<\/td>\n<td>12 V DC\/0.5 A external power adapter<\/td>\n<\/tr>\n<tr class=\"odd\">\n<td>Dimens\u00f5es<\/td>\n<td>147.5 x 113 x 31.5 mm (5.81 x 4.45 x 1.24 inches)<\/td>\n<\/tr>\n<tr class=\" even\">\n<td>Peso<\/td>\n<td>185.7 g (6.55 ounces)<\/td>\n<\/tr>\n<\/tbody>\n<\/table>\n","protected":false},"excerpt":{"rendered":"<p>MAIS INFORMA\u00c7\u00c3O Caracter\u00edsticas Principais Antena 2 Led Status \/ Bot\u00f5es Power \u2022 Wireless \u2022 Security \u2022 LAN Tipo Range Extender Funcionalidade Quality of Service (QoS) Sim Seguran\u00e7a 64\/128-bit WEP data encryption \u2022 WPA-PSK, WPA2-PSK \u2022 WPA-EAP, WPA2-EAP \u2022 TKIP, AES\u2022 MAC address filtering \u2022 SSID broadcast disable function \u2022 WPS (Wi-Fi Protected Setup) Interfaces do&hellip;<\/p>\n","protected":false},"featured_media":4509,"comment_status":"open","ping_status":"closed","template":"","meta":[],"product_cat":[95],"product_tag":[],"class_list":{"0":"post-4508","1":"product","2":"type-product","3":"status-publish","4":"has-post-thumbnail","6":"product_cat-redes-e-internet","8":"first","9":"instock","10":"shipping-taxable","11":"purchasable","12":"product-type-simple","13":"col-xs-6 col-sm-4","14":"col-md-3 col-lg-3","15":"un-4-cols"},"_links":{"self":[{"href":"https:\/\/dizoma.com\/inicio\/wp-json\/wp\/v2\/product\/4508","targetHints":{"allow":["GET"]}}],"collection":[{"href":"https:\/\/dizoma.com\/inicio\/wp-json\/wp\/v2\/product"}],"about":[{"href":"https:\/\/dizoma.com\/inicio\/wp-json\/wp\/v2\/types\/product"}],"replies":[{"embeddable":true,"href":"https:\/\/dizoma.com\/inicio\/wp-json\/wp\/v2\/comments?post=4508"}],"wp:featuredmedia":[{"embeddable":true,"href":"https:\/\/dizoma.com\/inicio\/wp-json\/wp\/v2\/media\/4509"}],"wp:attachment":[{"href":"https:\/\/dizoma.com\/inicio\/wp-json\/wp\/v2\/media?parent=4508"}],"wp:term":[{"taxonomy":"product_cat","embeddable":true,"href":"https:\/\/dizoma.com\/inicio\/wp-json\/wp\/v2\/product_cat?post=4508"},{"taxonomy":"product_tag","embeddable":true,"href":"https:\/\/dizoma.com\/inicio\/wp-json\/wp\/v2\/product_tag?post=4508"}],"curies":[{"name":"wp","href":"https:\/\/api.w.org\/{rel}","templated":true}]}}