{"id":5197,"date":"2025-05-30T21:26:58","date_gmt":"2025-05-30T21:26:58","guid":{"rendered":"https:\/\/dizoma.com\/product\/toner-hp-cf321a-cyan-mfp680-16500-pag\/"},"modified":"2025-06-03T14:53:51","modified_gmt":"2025-06-03T14:53:51","slug":"toner-hp-cf321a-cyan-mfp680-16500-pag","status":"publish","type":"product","link":"https:\/\/dizoma.com\/inicio\/product\/toner-hp-cf321a-cyan-mfp680-16500-pag\/","title":{"rendered":"TONER HP CF321A * CYAN MFP680 (653A)"},"content":{"rendered":"","protected":false},"excerpt":{"rendered":"<p>HP 653A. Rendimento da p\u00e1gina de toner a cores: 16000 p\u00e1ginas, Cor(es) dos cartuchos de impress\u00e3o: Ciano<\/p>\n","protected":false},"featured_media":5683,"comment_status":"open","ping_status":"closed","template":"","meta":[],"product_cat":[74],"product_tag":[],"class_list":{"0":"post-5197","1":"product","2":"type-product","3":"status-publish","4":"has-post-thumbnail","6":"product_cat-consumiveis-impressao","8":"first","9":"instock","10":"shipping-taxable","11":"purchasable","12":"product-type-simple","13":"col-xs-6 col-sm-4","14":"col-md-3 col-lg-3","15":"un-4-cols"},"_links":{"self":[{"href":"https:\/\/dizoma.com\/inicio\/wp-json\/wp\/v2\/product\/5197","targetHints":{"allow":["GET"]}}],"collection":[{"href":"https:\/\/dizoma.com\/inicio\/wp-json\/wp\/v2\/product"}],"about":[{"href":"https:\/\/dizoma.com\/inicio\/wp-json\/wp\/v2\/types\/product"}],"replies":[{"embeddable":true,"href":"https:\/\/dizoma.com\/inicio\/wp-json\/wp\/v2\/comments?post=5197"}],"wp:featuredmedia":[{"embeddable":true,"href":"https:\/\/dizoma.com\/inicio\/wp-json\/wp\/v2\/media\/5683"}],"wp:attachment":[{"href":"https:\/\/dizoma.com\/inicio\/wp-json\/wp\/v2\/media?parent=5197"}],"wp:term":[{"taxonomy":"product_cat","embeddable":true,"href":"https:\/\/dizoma.com\/inicio\/wp-json\/wp\/v2\/product_cat?post=5197"},{"taxonomy":"product_tag","embeddable":true,"href":"https:\/\/dizoma.com\/inicio\/wp-json\/wp\/v2\/product_tag?post=5197"}],"curies":[{"name":"wp","href":"https:\/\/api.w.org\/{rel}","templated":true}]}}