{"id":5213,"date":"2025-05-30T21:27:02","date_gmt":"2025-05-30T21:27:02","guid":{"rendered":"https:\/\/dizoma.com\/product\/toner-hp-cf400a-m252-m277-preto-1500\/"},"modified":"2025-06-03T16:56:49","modified_gmt":"2025-06-03T16:56:49","slug":"toner-hp-cf400a-m252-m277-preto-1500","status":"publish","type":"product","link":"https:\/\/dizoma.com\/inicio\/product\/toner-hp-cf400a-m252-m277-preto-1500\/","title":{"rendered":"TONER HP CF400A *  M252\/M277 PRETO (201A)"},"content":{"rendered":"","protected":false},"excerpt":{"rendered":"<p>HP 201A. Rendimento da p\u00e1gina de toner preto: 1420 p\u00e1ginas, Cor(es) dos cartuchos de impress\u00e3o: Preto<\/p>\n","protected":false},"featured_media":5740,"comment_status":"open","ping_status":"closed","template":"","meta":[],"product_cat":[74],"product_tag":[],"class_list":{"0":"post-5213","1":"product","2":"type-product","3":"status-publish","4":"has-post-thumbnail","6":"product_cat-consumiveis-impressao","8":"first","9":"instock","10":"shipping-taxable","11":"purchasable","12":"product-type-simple","13":"col-xs-6 col-sm-4","14":"col-md-3 col-lg-3","15":"un-4-cols"},"_links":{"self":[{"href":"https:\/\/dizoma.com\/inicio\/wp-json\/wp\/v2\/product\/5213","targetHints":{"allow":["GET"]}}],"collection":[{"href":"https:\/\/dizoma.com\/inicio\/wp-json\/wp\/v2\/product"}],"about":[{"href":"https:\/\/dizoma.com\/inicio\/wp-json\/wp\/v2\/types\/product"}],"replies":[{"embeddable":true,"href":"https:\/\/dizoma.com\/inicio\/wp-json\/wp\/v2\/comments?post=5213"}],"wp:featuredmedia":[{"embeddable":true,"href":"https:\/\/dizoma.com\/inicio\/wp-json\/wp\/v2\/media\/5740"}],"wp:attachment":[{"href":"https:\/\/dizoma.com\/inicio\/wp-json\/wp\/v2\/media?parent=5213"}],"wp:term":[{"taxonomy":"product_cat","embeddable":true,"href":"https:\/\/dizoma.com\/inicio\/wp-json\/wp\/v2\/product_cat?post=5213"},{"taxonomy":"product_tag","embeddable":true,"href":"https:\/\/dizoma.com\/inicio\/wp-json\/wp\/v2\/product_tag?post=5213"}],"curies":[{"name":"wp","href":"https:\/\/api.w.org\/{rel}","templated":true}]}}