{"id":5239,"date":"2025-05-30T21:27:07","date_gmt":"2025-05-30T21:27:07","guid":{"rendered":"https:\/\/dizoma.com\/product\/toner-hp-w2010a-659a-mfp-m856-m776-preto-16000\/"},"modified":"2025-06-03T14:08:47","modified_gmt":"2025-06-03T14:08:47","slug":"toner-hp-w2010a-659a-mfp-m856-m776-preto-16000","status":"publish","type":"product","link":"https:\/\/dizoma.com\/inicio\/product\/toner-hp-w2010a-659a-mfp-m856-m776-preto-16000\/","title":{"rendered":"TONER HP W2010A 659A MFP M856\/M776 PRETO (16,000)"},"content":{"rendered":"","protected":false},"excerpt":{"rendered":"<p>O cartucho de toner HP 659A Preto (W2010A) \u00e9 um consum\u00edvel original de capacidade padr\u00e3o, projetado para oferecer impress\u00f5es de alta qualidade e desempenho confi\u00e1vel em ambientes empresariais.<\/p>\n","protected":false},"featured_media":5669,"comment_status":"open","ping_status":"closed","template":"","meta":[],"product_cat":[74],"product_tag":[],"class_list":{"0":"post-5239","1":"product","2":"type-product","3":"status-publish","4":"has-post-thumbnail","6":"product_cat-consumiveis-impressao","8":"first","9":"instock","10":"shipping-taxable","11":"purchasable","12":"product-type-simple","13":"col-xs-6 col-sm-4","14":"col-md-3 col-lg-3","15":"un-4-cols"},"_links":{"self":[{"href":"https:\/\/dizoma.com\/inicio\/wp-json\/wp\/v2\/product\/5239","targetHints":{"allow":["GET"]}}],"collection":[{"href":"https:\/\/dizoma.com\/inicio\/wp-json\/wp\/v2\/product"}],"about":[{"href":"https:\/\/dizoma.com\/inicio\/wp-json\/wp\/v2\/types\/product"}],"replies":[{"embeddable":true,"href":"https:\/\/dizoma.com\/inicio\/wp-json\/wp\/v2\/comments?post=5239"}],"wp:featuredmedia":[{"embeddable":true,"href":"https:\/\/dizoma.com\/inicio\/wp-json\/wp\/v2\/media\/5669"}],"wp:attachment":[{"href":"https:\/\/dizoma.com\/inicio\/wp-json\/wp\/v2\/media?parent=5239"}],"wp:term":[{"taxonomy":"product_cat","embeddable":true,"href":"https:\/\/dizoma.com\/inicio\/wp-json\/wp\/v2\/product_cat?post=5239"},{"taxonomy":"product_tag","embeddable":true,"href":"https:\/\/dizoma.com\/inicio\/wp-json\/wp\/v2\/product_tag?post=5239"}],"curies":[{"name":"wp","href":"https:\/\/api.w.org\/{rel}","templated":true}]}}