{"id":5471,"date":"2025-05-30T22:57:15","date_gmt":"2025-05-30T22:57:15","guid":{"rendered":"https:\/\/dizoma.com\/product\/hp-smart-tank-581-aio-12-5\/"},"modified":"2025-06-02T07:46:39","modified_gmt":"2025-06-02T07:46:39","slug":"hp-smart-tank-581-aio-12-5","status":"publish","type":"product","link":"https:\/\/dizoma.com\/inicio\/product\/hp-smart-tank-581-aio-12-5\/","title":{"rendered":"HP SMART TANK 581 AIO (12\/5)"},"content":{"rendered":"<p><strong>Mais informa\u00e7\u00e3o<\/strong><\/p>\n<p>HP Smart Tank 581 All-in-One Printer. Tecnologia de impress\u00e3o: Jato de tinta t\u00e9rmico, Impress\u00e3o: Impress\u00e3o a cores, Resolu\u00e7\u00e3o M\u00e1xima: 4800 x 1200 DPI, Velocidade de impress\u00e3o (cores, qualidade normal, A4\/US Letter): 5 ppm. C\u00f3pia: C\u00f3pia a cores, Resolu\u00e7\u00e3o de c\u00f3pia m\u00e1xima: 1200 x 1200 DPI. Digitaliza\u00e7\u00e3o: Digitaliza\u00e7\u00e3o a cores, Resolu\u00e7\u00e3o \u00f3ptica de digitaliza\u00e7\u00e3o: 1200 x 1200 DPI. Fun\u00e7\u00f5es duplex: Impress\u00e3o. Dimens\u00e3o m\u00e1xima de papel ISO A-series: A4. Wi-Fi. Impress\u00e3o directa. Cor do produto: Cinzento<\/p>\n","protected":false},"excerpt":{"rendered":"<p>Mais informa\u00e7\u00e3o HP Smart Tank 581 All-in-One Printer. Tecnologia de impress\u00e3o: Jato de tinta t\u00e9rmico, Impress\u00e3o: Impress\u00e3o a cores, Resolu\u00e7\u00e3o M\u00e1xima: 4800 x 1200 DPI, Velocidade de impress\u00e3o (cores, qualidade normal, A4\/US Letter): 5 ppm. C\u00f3pia: C\u00f3pia a cores, Resolu\u00e7\u00e3o de c\u00f3pia m\u00e1xima: 1200 x 1200 DPI. Digitaliza\u00e7\u00e3o: Digitaliza\u00e7\u00e3o a cores, Resolu\u00e7\u00e3o \u00f3ptica de digitaliza\u00e7\u00e3o:&hellip;<\/p>\n","protected":false},"featured_media":5653,"comment_status":"open","ping_status":"closed","template":"","meta":[],"product_cat":[93],"product_tag":[],"class_list":{"0":"post-5471","1":"product","2":"type-product","3":"status-publish","4":"has-post-thumbnail","6":"product_cat-impressoras-e-scanners","8":"first","9":"instock","10":"shipping-taxable","11":"purchasable","12":"product-type-simple","13":"col-xs-6 col-sm-4","14":"col-md-3 col-lg-3","15":"un-4-cols"},"_links":{"self":[{"href":"https:\/\/dizoma.com\/inicio\/wp-json\/wp\/v2\/product\/5471","targetHints":{"allow":["GET"]}}],"collection":[{"href":"https:\/\/dizoma.com\/inicio\/wp-json\/wp\/v2\/product"}],"about":[{"href":"https:\/\/dizoma.com\/inicio\/wp-json\/wp\/v2\/types\/product"}],"replies":[{"embeddable":true,"href":"https:\/\/dizoma.com\/inicio\/wp-json\/wp\/v2\/comments?post=5471"}],"wp:featuredmedia":[{"embeddable":true,"href":"https:\/\/dizoma.com\/inicio\/wp-json\/wp\/v2\/media\/5653"}],"wp:attachment":[{"href":"https:\/\/dizoma.com\/inicio\/wp-json\/wp\/v2\/media?parent=5471"}],"wp:term":[{"taxonomy":"product_cat","embeddable":true,"href":"https:\/\/dizoma.com\/inicio\/wp-json\/wp\/v2\/product_cat?post=5471"},{"taxonomy":"product_tag","embeddable":true,"href":"https:\/\/dizoma.com\/inicio\/wp-json\/wp\/v2\/product_tag?post=5471"}],"curies":[{"name":"wp","href":"https:\/\/api.w.org\/{rel}","templated":true}]}}